{"id":132,"date":"2022-09-27T10:32:52","date_gmt":"2022-09-27T08:32:52","guid":{"rendered":"http:\/\/www.stefanweninger.com\/wp-blog\/?page_id=132"},"modified":"2023-10-31T00:06:46","modified_gmt":"2023-10-30T23:06:46","slug":"speaking-legs","status":"publish","type":"page","link":"http:\/\/www.stefanweninger.com\/wp-blog\/speaking-legs\/","title":{"rendered":"SPEAKING LEGS"},"content":{"rendered":"\n<p><em>&#8222;Ich fotografiere Beine, weil diese f\u00fcr mich immer pers\u00f6nliche Geschichten der gezeigten Menschen erz\u00e4hlen. (Speaking Legs) Es sind subtile, aber dennoch direkte Blicke auf diese Menschen. Der Blick enth\u00fcllt eine Person, ohne jedoch ihre ganze Identit\u00e4t preiszugeben. Er enth\u00fcllt sie nie ganz. Die Bilder entstehen immer spontan und sind stets aus dem Leben gegriffen.&#8220;<\/em><\/p>\n","protected":false},"excerpt":{"rendered":"<p>&#8222;Ich fotografiere Beine, weil diese f\u00fcr mich immer pers\u00f6nliche Geschichten der gezeigten Menschen erz\u00e4hlen. (Speaking Legs) Es sind subtile, aber dennoch direkte Blicke auf diese Menschen. Der Blick enth\u00fcllt eine Person, ohne jedoch ihre ganze Identit\u00e4t preiszugeben. Er enth\u00fcllt sie nie ganz. Die Bilder entstehen immer spontan und sind stets aus dem Leben gegriffen.&#8220;<\/p>\n","protected":false},"author":1,"featured_media":0,"parent":0,"menu_order":0,"comment_status":"closed","ping_status":"closed","template":"","meta":{"footnotes":""},"class_list":["post-132","page","type-page","status-publish","hentry"],"_links":{"self":[{"href":"http:\/\/www.stefanweninger.com\/wp-blog\/wp-json\/wp\/v2\/pages\/132","targetHints":{"allow":["GET"]}}],"collection":[{"href":"http:\/\/www.stefanweninger.com\/wp-blog\/wp-json\/wp\/v2\/pages"}],"about":[{"href":"http:\/\/www.stefanweninger.com\/wp-blog\/wp-json\/wp\/v2\/types\/page"}],"author":[{"embeddable":true,"href":"http:\/\/www.stefanweninger.com\/wp-blog\/wp-json\/wp\/v2\/users\/1"}],"replies":[{"embeddable":true,"href":"http:\/\/www.stefanweninger.com\/wp-blog\/wp-json\/wp\/v2\/comments?post=132"}],"version-history":[{"count":6,"href":"http:\/\/www.stefanweninger.com\/wp-blog\/wp-json\/wp\/v2\/pages\/132\/revisions"}],"predecessor-version":[{"id":848,"href":"http:\/\/www.stefanweninger.com\/wp-blog\/wp-json\/wp\/v2\/pages\/132\/revisions\/848"}],"wp:attachment":[{"href":"http:\/\/www.stefanweninger.com\/wp-blog\/wp-json\/wp\/v2\/media?parent=132"}],"curies":[{"name":"wp","href":"https:\/\/api.w.org\/{rel}","templated":true}]}}