{"id":215,"date":"2022-11-02T11:54:10","date_gmt":"2022-11-02T10:54:10","guid":{"rendered":"http:\/\/www.stefanweninger.com\/wp-blog\/?page_id=215"},"modified":"2025-07-05T09:53:27","modified_gmt":"2025-07-05T07:53:27","slug":"2024-2","status":"publish","type":"page","link":"http:\/\/www.stefanweninger.com\/wp-blog\/photoworks\/2024-2\/","title":{"rendered":"2024"},"content":{"rendered":"\n<figure class=\"wp-block-gallery aligncenter has-nested-images columns-default is-cropped wp-block-gallery-1 is-layout-flex wp-block-gallery-is-layout-flex\">\n<figure class=\"wp-block-image size-full has-custom-border\"><img loading=\"lazy\" decoding=\"async\" width=\"987\" height=\"1200\" data-id=\"1064\" src=\"https:\/\/www.stefanweninger.com\/wp-blog\/wp-content\/uploads\/2024\/07\/StefanWeninger-FeedingAI_web1200.jpg\" alt=\"\" class=\"wp-image-1064\" style=\"border-style:none;border-width:0px;border-radius:0px\" srcset=\"http:\/\/www.stefanweninger.com\/wp-blog\/wp-content\/uploads\/2024\/07\/StefanWeninger-FeedingAI_web1200.jpg 987w, http:\/\/www.stefanweninger.com\/wp-blog\/wp-content\/uploads\/2024\/07\/StefanWeninger-FeedingAI_web1200-247x300.jpg 247w, http:\/\/www.stefanweninger.com\/wp-blog\/wp-content\/uploads\/2024\/07\/StefanWeninger-FeedingAI_web1200-842x1024.jpg 842w, http:\/\/www.stefanweninger.com\/wp-blog\/wp-content\/uploads\/2024\/07\/StefanWeninger-FeedingAI_web1200-768x934.jpg 768w\" sizes=\"auto, (max-width: 987px) 100vw, 987px\" \/><figcaption class=\"wp-element-caption\">Handausgearbeitete Vergr\u00f6\u00dferung von Glasnegativ und Fotogramm, 50 x 60cm<\/figcaption><\/figure>\n<\/figure>\n\n\n\n<p><strong>Feeding AI<\/strong><\/p>\n\n\n\n<p><br>Die Arbeit \u201eFeeding AI\u201c m\u00f6chte die Ungleichheit zwischen den Aufwendungen f\u00fcr die Entwicklung k\u00fcnstlicher Intelligenz und jenen zur Beseitigung des globalen Hungers in den Fokus r\u00fccken.<\/p>\n\n\n\n<p>Dabei wird der Interpretationsspielraum des Dargestellten f\u00fcr Assoziationen bewusst offen gehalten und soll zu einer intensiven, pers\u00f6nlichen Reflexion einladen.<\/p>\n\n\n\n<hr class=\"wp-block-separator has-alpha-channel-opacity\"\/>\n\n\n\n<div style=\"height:200px\" aria-hidden=\"true\" class=\"wp-block-spacer\"><\/div>\n\n\n\n<p><\/p>\n","protected":false},"excerpt":{"rendered":"<p>Feeding AI Die Arbeit \u201eFeeding AI\u201c m\u00f6chte die Ungleichheit zwischen den Aufwendungen f\u00fcr die Entwicklung k\u00fcnstlicher Intelligenz und jenen zur Beseitigung des globalen Hungers in den Fokus r\u00fccken. Dabei wird der Interpretationsspielraum des Dargestellten f\u00fcr Assoziationen bewusst offen gehalten und soll zu einer intensiven, pers\u00f6nlichen Reflexion einladen.<\/p>\n","protected":false},"author":1,"featured_media":0,"parent":135,"menu_order":0,"comment_status":"closed","ping_status":"closed","template":"","meta":{"footnotes":""},"class_list":["post-215","page","type-page","status-publish","hentry"],"_links":{"self":[{"href":"http:\/\/www.stefanweninger.com\/wp-blog\/wp-json\/wp\/v2\/pages\/215","targetHints":{"allow":["GET"]}}],"collection":[{"href":"http:\/\/www.stefanweninger.com\/wp-blog\/wp-json\/wp\/v2\/pages"}],"about":[{"href":"http:\/\/www.stefanweninger.com\/wp-blog\/wp-json\/wp\/v2\/types\/page"}],"author":[{"embeddable":true,"href":"http:\/\/www.stefanweninger.com\/wp-blog\/wp-json\/wp\/v2\/users\/1"}],"replies":[{"embeddable":true,"href":"http:\/\/www.stefanweninger.com\/wp-blog\/wp-json\/wp\/v2\/comments?post=215"}],"version-history":[{"count":16,"href":"http:\/\/www.stefanweninger.com\/wp-blog\/wp-json\/wp\/v2\/pages\/215\/revisions"}],"predecessor-version":[{"id":1181,"href":"http:\/\/www.stefanweninger.com\/wp-blog\/wp-json\/wp\/v2\/pages\/215\/revisions\/1181"}],"up":[{"embeddable":true,"href":"http:\/\/www.stefanweninger.com\/wp-blog\/wp-json\/wp\/v2\/pages\/135"}],"wp:attachment":[{"href":"http:\/\/www.stefanweninger.com\/wp-blog\/wp-json\/wp\/v2\/media?parent=215"}],"curies":[{"name":"wp","href":"https:\/\/api.w.org\/{rel}","templated":true}]}}