{"id":217,"date":"2022-11-02T11:54:21","date_gmt":"2022-11-02T10:54:21","guid":{"rendered":"http:\/\/www.stefanweninger.com\/wp-blog\/?page_id=217"},"modified":"2023-10-26T22:53:25","modified_gmt":"2023-10-26T20:53:25","slug":"2021-2","status":"publish","type":"page","link":"http:\/\/www.stefanweninger.com\/wp-blog\/photoworks\/2021-2\/","title":{"rendered":"2021"},"content":{"rendered":"\n<figure class=\"wp-block-image size-full\"><img loading=\"lazy\" decoding=\"async\" width=\"694\" height=\"950\" src=\"http:\/\/www.stefanweninger.com\/wp-blog\/wp-content\/uploads\/2022\/11\/StefanWeninger-FotogrammInfiniteBeing950.jpg\" alt=\"\" class=\"wp-image-266\" srcset=\"http:\/\/www.stefanweninger.com\/wp-blog\/wp-content\/uploads\/2022\/11\/StefanWeninger-FotogrammInfiniteBeing950.jpg 694w, http:\/\/www.stefanweninger.com\/wp-blog\/wp-content\/uploads\/2022\/11\/StefanWeninger-FotogrammInfiniteBeing950-219x300.jpg 219w\" sizes=\"auto, (max-width: 694px) 100vw, 694px\" \/><\/figure>\n\n\n\n<figure class=\"wp-block-image size-full\"><img loading=\"lazy\" decoding=\"async\" width=\"694\" height=\"950\" src=\"http:\/\/www.stefanweninger.com\/wp-blog\/wp-content\/uploads\/2022\/11\/StefanWeninger-FotogrammTheCock950.jpg\" alt=\"\" class=\"wp-image-267\" srcset=\"http:\/\/www.stefanweninger.com\/wp-blog\/wp-content\/uploads\/2022\/11\/StefanWeninger-FotogrammTheCock950.jpg 694w, http:\/\/www.stefanweninger.com\/wp-blog\/wp-content\/uploads\/2022\/11\/StefanWeninger-FotogrammTheCock950-219x300.jpg 219w\" sizes=\"auto, (max-width: 694px) 100vw, 694px\" \/><figcaption class=\"wp-element-caption\">Fotogramme, je 30.5 x 40.6 cm, Unikate<\/figcaption><\/figure>\n\n\n\n<p><strong>Fotogramme aus Haaren und Staub (Auswahl)<\/strong><\/p>\n\n\n\n<p>2021, zur Zeit der Corona-Pandemie, lenkte sich meine Aufmerksamkeit auf unwesentliche Details und ich begann, Fotogramme mit am Boden liegenden Haaren, Staub und Zeichentusche zu machen.<\/p>\n\n\n\n<hr class=\"wp-block-separator has-alpha-channel-opacity\"\/>\n\n\n\n<div style=\"height:100px\" aria-hidden=\"true\" class=\"wp-block-spacer\"><\/div>\n\n\n\n<figure class=\"wp-block-image size-full\"><img loading=\"lazy\" decoding=\"async\" width=\"645\" height=\"950\" src=\"http:\/\/www.stefanweninger.com\/wp-blog\/wp-content\/uploads\/2022\/11\/StefanWeningerDissolvingLife950.jpg\" alt=\"\" class=\"wp-image-268\" srcset=\"http:\/\/www.stefanweninger.com\/wp-blog\/wp-content\/uploads\/2022\/11\/StefanWeningerDissolvingLife950.jpg 645w, http:\/\/www.stefanweninger.com\/wp-blog\/wp-content\/uploads\/2022\/11\/StefanWeningerDissolvingLife950-204x300.jpg 204w\" sizes=\"auto, (max-width: 645px) 100vw, 645px\" \/><figcaption class=\"wp-element-caption\">Gelatin-Silver-Print \/ Fotogramm, 30.5 x 40.6 cm<\/figcaption><\/figure>\n\n\n\n<p><strong>Dissolving Live<\/strong><\/p>\n\n\n\n<p>Ausgehend von einer Portrait-Aufnahme auf DIA-Film, habe ich durch Vergr\u00f6\u00dfern und mehrmaliges Umkopieren dieses Ergebnis erhalten. Per Hand bestrich ich w\u00e4hrend der einzelnen Arbeitsschritte das fotografische Papier mit Entwicklerfl\u00fcssigkeit. Damit m\u00f6chte ich die \u00e4u\u00dferen Einwirkungen auf das eigene Leben darstellen.<\/p>\n","protected":false},"excerpt":{"rendered":"<p>Fotogramme aus Haaren und Staub (Auswahl) 2021, zur Zeit der Corona-Pandemie, lenkte sich meine Aufmerksamkeit auf unwesentliche Details und ich begann, Fotogramme mit am Boden liegenden Haaren, Staub und Zeichentusche zu machen. Dissolving Live Ausgehend von einer Portrait-Aufnahme auf DIA-Film, habe ich durch Vergr\u00f6\u00dfern und mehrmaliges Umkopieren dieses Ergebnis erhalten. Per Hand bestrich ich w\u00e4hrend [&hellip;]<\/p>\n","protected":false},"author":1,"featured_media":0,"parent":135,"menu_order":0,"comment_status":"closed","ping_status":"closed","template":"","meta":{"footnotes":""},"class_list":["post-217","page","type-page","status-publish","hentry"],"_links":{"self":[{"href":"http:\/\/www.stefanweninger.com\/wp-blog\/wp-json\/wp\/v2\/pages\/217","targetHints":{"allow":["GET"]}}],"collection":[{"href":"http:\/\/www.stefanweninger.com\/wp-blog\/wp-json\/wp\/v2\/pages"}],"about":[{"href":"http:\/\/www.stefanweninger.com\/wp-blog\/wp-json\/wp\/v2\/types\/page"}],"author":[{"embeddable":true,"href":"http:\/\/www.stefanweninger.com\/wp-blog\/wp-json\/wp\/v2\/users\/1"}],"replies":[{"embeddable":true,"href":"http:\/\/www.stefanweninger.com\/wp-blog\/wp-json\/wp\/v2\/comments?post=217"}],"version-history":[{"count":13,"href":"http:\/\/www.stefanweninger.com\/wp-blog\/wp-json\/wp\/v2\/pages\/217\/revisions"}],"predecessor-version":[{"id":824,"href":"http:\/\/www.stefanweninger.com\/wp-blog\/wp-json\/wp\/v2\/pages\/217\/revisions\/824"}],"up":[{"embeddable":true,"href":"http:\/\/www.stefanweninger.com\/wp-blog\/wp-json\/wp\/v2\/pages\/135"}],"wp:attachment":[{"href":"http:\/\/www.stefanweninger.com\/wp-blog\/wp-json\/wp\/v2\/media?parent=217"}],"curies":[{"name":"wp","href":"https:\/\/api.w.org\/{rel}","templated":true}]}}