{"id":224,"date":"2022-11-05T21:15:59","date_gmt":"2022-11-05T20:15:59","guid":{"rendered":"http:\/\/www.stefanweninger.com\/wp-blog\/?page_id=224"},"modified":"2023-10-26T22:52:39","modified_gmt":"2023-10-26T20:52:39","slug":"2019-2","status":"publish","type":"page","link":"http:\/\/www.stefanweninger.com\/wp-blog\/photoworks\/2019-2\/","title":{"rendered":"2019"},"content":{"rendered":"\n<figure class=\"wp-block-image size-full\"><img loading=\"lazy\" decoding=\"async\" width=\"948\" height=\"950\" src=\"http:\/\/www.stefanweninger.com\/wp-blog\/wp-content\/uploads\/2022\/11\/StefanWeninger-HausAusAesten950.jpg\" alt=\"\" class=\"wp-image-279\" srcset=\"http:\/\/www.stefanweninger.com\/wp-blog\/wp-content\/uploads\/2022\/11\/StefanWeninger-HausAusAesten950.jpg 948w, http:\/\/www.stefanweninger.com\/wp-blog\/wp-content\/uploads\/2022\/11\/StefanWeninger-HausAusAesten950-300x300.jpg 300w, http:\/\/www.stefanweninger.com\/wp-blog\/wp-content\/uploads\/2022\/11\/StefanWeninger-HausAusAesten950-150x150.jpg 150w, http:\/\/www.stefanweninger.com\/wp-blog\/wp-content\/uploads\/2022\/11\/StefanWeninger-HausAusAesten950-768x770.jpg 768w\" sizes=\"auto, (max-width: 948px) 100vw, 948px\" \/><figcaption class=\"wp-element-caption\">C-Print, 30.5 x 30.5 cm<\/figcaption><\/figure>\n\n\n\n<p><strong>Haus aus \u00c4sten (So wie es die V\u00f6gel machen)<\/strong><\/p>\n\n\n\n<p>Diese Arbeit thematisiert eine Gesellschaft, die durch ein achtloses Verwenden von nat\u00fcrlichen Ressourcen und ein mechanisches Konsumieren von Informationen und Unterhaltung, immer mehr das Gef\u00fchl f\u00fcr sich selbst, ihre Bed\u00fcrfnisse und ihre unmittelbare Umgebung verliert.<\/p>\n\n\n\n<p>Als Gegenhandlung dazu habe ich in einem Garten aus vorhandenen \u00c4sten ein kleines Nest f\u00fcr mich geflochten. So, wie es die V\u00f6gel machen, die ebenso mit ausschlie\u00dflich vor Ort Vorhandenem etwas Neues bauen.<\/p>\n\n\n\n<hr class=\"wp-block-separator has-alpha-channel-opacity\"\/>\n\n\n\n<div style=\"height:100px\" aria-hidden=\"true\" class=\"wp-block-spacer\"><\/div>\n","protected":false},"excerpt":{"rendered":"<p>Haus aus \u00c4sten (So wie es die V\u00f6gel machen) Diese Arbeit thematisiert eine Gesellschaft, die durch ein achtloses Verwenden von nat\u00fcrlichen Ressourcen und ein mechanisches Konsumieren von Informationen und Unterhaltung, immer mehr das Gef\u00fchl f\u00fcr sich selbst, ihre Bed\u00fcrfnisse und ihre unmittelbare Umgebung verliert. Als Gegenhandlung dazu habe ich in einem Garten aus vorhandenen \u00c4sten [&hellip;]<\/p>\n","protected":false},"author":1,"featured_media":0,"parent":135,"menu_order":0,"comment_status":"closed","ping_status":"closed","template":"","meta":{"footnotes":""},"class_list":["post-224","page","type-page","status-publish","hentry"],"_links":{"self":[{"href":"http:\/\/www.stefanweninger.com\/wp-blog\/wp-json\/wp\/v2\/pages\/224","targetHints":{"allow":["GET"]}}],"collection":[{"href":"http:\/\/www.stefanweninger.com\/wp-blog\/wp-json\/wp\/v2\/pages"}],"about":[{"href":"http:\/\/www.stefanweninger.com\/wp-blog\/wp-json\/wp\/v2\/types\/page"}],"author":[{"embeddable":true,"href":"http:\/\/www.stefanweninger.com\/wp-blog\/wp-json\/wp\/v2\/users\/1"}],"replies":[{"embeddable":true,"href":"http:\/\/www.stefanweninger.com\/wp-blog\/wp-json\/wp\/v2\/comments?post=224"}],"version-history":[{"count":6,"href":"http:\/\/www.stefanweninger.com\/wp-blog\/wp-json\/wp\/v2\/pages\/224\/revisions"}],"predecessor-version":[{"id":822,"href":"http:\/\/www.stefanweninger.com\/wp-blog\/wp-json\/wp\/v2\/pages\/224\/revisions\/822"}],"up":[{"embeddable":true,"href":"http:\/\/www.stefanweninger.com\/wp-blog\/wp-json\/wp\/v2\/pages\/135"}],"wp:attachment":[{"href":"http:\/\/www.stefanweninger.com\/wp-blog\/wp-json\/wp\/v2\/media?parent=224"}],"curies":[{"name":"wp","href":"https:\/\/api.w.org\/{rel}","templated":true}]}}