{"id":242,"date":"2022-11-05T21:36:35","date_gmt":"2022-11-05T20:36:35","guid":{"rendered":"http:\/\/www.stefanweninger.com\/wp-blog\/?page_id=242"},"modified":"2023-10-26T22:49:06","modified_gmt":"2023-10-26T20:49:06","slug":"2010-2","status":"publish","type":"page","link":"http:\/\/www.stefanweninger.com\/wp-blog\/photoworks\/2010-2\/","title":{"rendered":"2010"},"content":{"rendered":"\n<figure class=\"wp-block-image size-full\"><img loading=\"lazy\" decoding=\"async\" width=\"950\" height=\"541\" src=\"http:\/\/www.stefanweninger.com\/wp-blog\/wp-content\/uploads\/2022\/11\/StefanWeninger-TwoFormsOfFreedom950.jpg\" alt=\"\" class=\"wp-image-318\" srcset=\"http:\/\/www.stefanweninger.com\/wp-blog\/wp-content\/uploads\/2022\/11\/StefanWeninger-TwoFormsOfFreedom950.jpg 950w, http:\/\/www.stefanweninger.com\/wp-blog\/wp-content\/uploads\/2022\/11\/StefanWeninger-TwoFormsOfFreedom950-300x171.jpg 300w, http:\/\/www.stefanweninger.com\/wp-blog\/wp-content\/uploads\/2022\/11\/StefanWeninger-TwoFormsOfFreedom950-768x437.jpg 768w\" sizes=\"auto, (max-width: 950px) 100vw, 950px\" \/><figcaption class=\"wp-element-caption\">Gelatin Silver Prints, je 50 x 60cm<\/figcaption><\/figure>\n\n\n\n<p><strong>Zwei Formen von Freiheit \/ Two forms of freedom<\/strong><\/p>\n\n\n\n<p>Ein Luftballon als Symbol f\u00fcr den menschlichen K\u00f6rper. Lose Tropfen auf der Haut k\u00f6nnen Freiheit bedeuten. Aber auch das \u201eGebunden-Sein\u201c \u2013 das Sp\u00fcren einer Grenze kann Freiheit bedeuten. Freiheit braucht beides: das Lose und das Gebundene.<\/p>\n\n\n\n<hr class=\"wp-block-separator has-alpha-channel-opacity\"\/>\n","protected":false},"excerpt":{"rendered":"<p>Zwei Formen von Freiheit \/ Two forms of freedom Ein Luftballon als Symbol f\u00fcr den menschlichen K\u00f6rper. Lose Tropfen auf der Haut k\u00f6nnen Freiheit bedeuten. Aber auch das \u201eGebunden-Sein\u201c \u2013 das Sp\u00fcren einer Grenze kann Freiheit bedeuten. Freiheit braucht beides: das Lose und das Gebundene.<\/p>\n","protected":false},"author":1,"featured_media":0,"parent":135,"menu_order":0,"comment_status":"closed","ping_status":"closed","template":"","meta":{"footnotes":""},"class_list":["post-242","page","type-page","status-publish","hentry"],"_links":{"self":[{"href":"http:\/\/www.stefanweninger.com\/wp-blog\/wp-json\/wp\/v2\/pages\/242","targetHints":{"allow":["GET"]}}],"collection":[{"href":"http:\/\/www.stefanweninger.com\/wp-blog\/wp-json\/wp\/v2\/pages"}],"about":[{"href":"http:\/\/www.stefanweninger.com\/wp-blog\/wp-json\/wp\/v2\/types\/page"}],"author":[{"embeddable":true,"href":"http:\/\/www.stefanweninger.com\/wp-blog\/wp-json\/wp\/v2\/users\/1"}],"replies":[{"embeddable":true,"href":"http:\/\/www.stefanweninger.com\/wp-blog\/wp-json\/wp\/v2\/comments?post=242"}],"version-history":[{"count":9,"href":"http:\/\/www.stefanweninger.com\/wp-blog\/wp-json\/wp\/v2\/pages\/242\/revisions"}],"predecessor-version":[{"id":815,"href":"http:\/\/www.stefanweninger.com\/wp-blog\/wp-json\/wp\/v2\/pages\/242\/revisions\/815"}],"up":[{"embeddable":true,"href":"http:\/\/www.stefanweninger.com\/wp-blog\/wp-json\/wp\/v2\/pages\/135"}],"wp:attachment":[{"href":"http:\/\/www.stefanweninger.com\/wp-blog\/wp-json\/wp\/v2\/media?parent=242"}],"curies":[{"name":"wp","href":"https:\/\/api.w.org\/{rel}","templated":true}]}}